{"id":1950,"date":"2025-10-29T23:12:24","date_gmt":"2025-10-29T23:12:24","guid":{"rendered":"https:\/\/bb-bled.si\/?page_id=1950"},"modified":"2026-04-22T22:57:26","modified_gmt":"2026-04-22T22:57:26","slug":"special-offers","status":"publish","type":"page","link":"https:\/\/bb-bled.si\/de\/special-offers\/","title":{"rendered":"Special Offers"},"content":{"rendered":"<div data-elementor-type=\"wp-page\" data-elementor-id=\"1950\" class=\"elementor elementor-1950\" data-elementor-post-type=\"page\">\n\t\t\t\t<div class=\"elementor-element elementor-element-68926b3 e-flex e-con-boxed e-con e-parent\" data-id=\"68926b3\" data-element_type=\"container\" data-e-type=\"container\">\n\t\t\t\t\t<div class=\"e-con-inner\">\n\t\t\t\t<div class=\"elementor-element elementor-element-3f37ddc elementor-hidden-desktop elementor-hidden-tablet elementor-hidden-mobile elementor-widget elementor-widget-heading\" data-id=\"3f37ddc\" data-element_type=\"widget\" data-e-type=\"widget\" data-widget_type=\"heading.default\">\n\t\t\t\t\t<h2 class=\"elementor-heading-title elementor-size-default\">BESUCHEN SIE UNS F\u00dcR 3 TAGE ODER L\u00c4NGER UND PROFITIEREN SIE VON VIELEN SAISONALEN VORTEILEN.<\/h2>\t\t\t\t<\/div>\n\t\t\t\t<div class=\"elementor-element elementor-element-c47511d elementor-widget elementor-widget-heading\" data-id=\"c47511d\" data-element_type=\"widget\" data-e-type=\"widget\" data-widget_type=\"heading.default\">\n\t\t\t\t\t<h2 class=\"elementor-heading-title elementor-size-default\">Trenutno \u017eal nimamo akcijskih ponudb, vabimo pa vas, da to stran ob\u010dasno ponovno obi\u0161\u010dete, saj bomo vse nove ponudbe zmeraj objavili tukaj.<\/h2>\t\t\t\t<\/div>\n\t\t\t\t<div class=\"elementor-element elementor-element-22599e2 elementor-align-center elementor-widget elementor-widget-button\" data-id=\"22599e2\" data-element_type=\"widget\" data-e-type=\"widget\" data-widget_type=\"button.default\">\n\t\t\t\t\t\t\t\t\t\t<a class=\"elementor-button elementor-button-link elementor-size-sm elementor-animation-float\" href=\"\/de\/\">\n\t\t\t\t\t\t<span class=\"elementor-button-content-wrapper\">\n\t\t\t\t\t\t<span class=\"elementor-button-icon\">\n\t\t\t\t<svg aria-hidden=\"true\" class=\"e-font-icon-svg e-fas-chevron-right\" viewbox=\"0 0 320 512\" xmlns=\"http:\/\/www.w3.org\/2000\/svg\"><path d=\"M285.476 272.971L91.132 467.314c-9.373 9.373-24.569 9.373-33.941 0l-22.667-22.667c-9.357-9.357-9.375-24.522-.04-33.901L188.505 256 34.484 101.255c-9.335-9.379-9.317-24.544.04-33.901l22.667-22.667c9.373-9.373 24.569-9.373 33.941 0L285.475 239.03c9.373 9.372 9.373 24.568.001 33.941z\"><\/path><\/svg>\t\t\t<\/span>\n\t\t\t\t\t\t\t\t\t<span class=\"elementor-button-text\">NAZAJ NA DOMA\u010cO STRAN<\/span>\n\t\t\t\t\t<\/span>\n\t\t\t\t\t<\/a>\n\t\t\t\t\t\t\t\t<\/div>\n\t\t\t\t\t<\/div>\n\t\t\t\t<\/div>\n\t\t<div class=\"elementor-element elementor-element-ac7a3b7 elementor-hidden-desktop elementor-hidden-tablet elementor-hidden-mobile e-flex e-con-boxed e-con e-parent\" data-id=\"ac7a3b7\" data-element_type=\"container\" data-e-type=\"container\" data-settings=\"{&quot;background_background&quot;:&quot;classic&quot;}\">\n\t\t\t\t\t<div class=\"e-con-inner\">\n\t\t\t\t<div class=\"elementor-element elementor-element-ff141cc elementor-hidden-mobile elementor-widget elementor-widget-image\" data-id=\"ff141cc\" data-element_type=\"widget\" data-e-type=\"widget\" data-widget_type=\"image.default\">\n\t\t\t\t\t\t\t\t\t\t\t\t\t\t\t\t<a href=\"\/de\/kontakt\/\">\n\t\t\t\t\t\t\t<img fetchpriority=\"high\" decoding=\"async\" width=\"1280\" height=\"720\" src=\"https:\/\/bb-bled.si\/wp-content\/uploads\/2025\/11\/akcijska-ponudba-cross-country-skiing.jpg\" class=\"attachment-full size-full wp-image-2136\" alt=\"\" srcset=\"https:\/\/bb-bled.si\/wp-content\/uploads\/2025\/11\/akcijska-ponudba-cross-country-skiing.jpg 1280w, https:\/\/bb-bled.si\/wp-content\/uploads\/2025\/11\/akcijska-ponudba-cross-country-skiing-300x169.jpg 300w, https:\/\/bb-bled.si\/wp-content\/uploads\/2025\/11\/akcijska-ponudba-cross-country-skiing-1024x576.jpg 1024w, https:\/\/bb-bled.si\/wp-content\/uploads\/2025\/11\/akcijska-ponudba-cross-country-skiing-768x432.jpg 768w, https:\/\/bb-bled.si\/wp-content\/uploads\/2025\/11\/akcijska-ponudba-cross-country-skiing-18x10.jpg 18w\" sizes=\"(max-width: 1280px) 100vw, 1280px\" \/>\t\t\t\t\t\t\t\t<\/a>\n\t\t\t\t\t\t\t\t\t\t\t\t\t\t\t<\/div>\n\t\t\t\t<div class=\"elementor-element elementor-element-6354581 elementor-hidden-desktop elementor-hidden-tablet elementor-widget elementor-widget-image\" data-id=\"6354581\" data-element_type=\"widget\" data-e-type=\"widget\" data-widget_type=\"image.default\">\n\t\t\t\t\t\t\t\t\t\t\t\t\t\t\t<img decoding=\"async\" width=\"406\" height=\"1024\" src=\"https:\/\/bb-bled.si\/wp-content\/uploads\/2025\/11\/akcijska-ponudba-cross-country-skiing-mobile-406x1024.jpg\" class=\"attachment-large size-large wp-image-2147\" alt=\"\" srcset=\"https:\/\/bb-bled.si\/wp-content\/uploads\/2025\/11\/akcijska-ponudba-cross-country-skiing-mobile-406x1024.jpg 406w, https:\/\/bb-bled.si\/wp-content\/uploads\/2025\/11\/akcijska-ponudba-cross-country-skiing-mobile-119x300.jpg 119w, https:\/\/bb-bled.si\/wp-content\/uploads\/2025\/11\/akcijska-ponudba-cross-country-skiing-mobile-768x1938.jpg 768w, https:\/\/bb-bled.si\/wp-content\/uploads\/2025\/11\/akcijska-ponudba-cross-country-skiing-mobile-609x1536.jpg 609w, https:\/\/bb-bled.si\/wp-content\/uploads\/2025\/11\/akcijska-ponudba-cross-country-skiing-mobile-812x2048.jpg 812w, https:\/\/bb-bled.si\/wp-content\/uploads\/2025\/11\/akcijska-ponudba-cross-country-skiing-mobile-5x12.jpg 5w, https:\/\/bb-bled.si\/wp-content\/uploads\/2025\/11\/akcijska-ponudba-cross-country-skiing-mobile-scaled.jpg 1015w\" sizes=\"(max-width: 406px) 100vw, 406px\" \/>\t\t\t\t\t\t\t\t\t\t\t\t\t\t\t<\/div>\n\t\t\t\t\t<\/div>\n\t\t\t\t<\/div>\n\t\t<div class=\"elementor-element elementor-element-a204842 elementor-hidden-desktop elementor-hidden-tablet elementor-hidden-mobile e-flex e-con-boxed e-con e-parent\" data-id=\"a204842\" data-element_type=\"container\" data-e-type=\"container\" data-settings=\"{&quot;background_background&quot;:&quot;classic&quot;}\">\n\t\t\t\t\t<div class=\"e-con-inner\">\n\t\t\t\t<div class=\"elementor-element elementor-element-f686bca elementor-hidden-mobile elementor-widget elementor-widget-image\" data-id=\"f686bca\" data-element_type=\"widget\" data-e-type=\"widget\" data-widget_type=\"image.default\">\n\t\t\t\t\t\t\t\t\t\t\t\t\t\t\t\t<a href=\"\/de\/kontakt\/\">\n\t\t\t\t\t\t\t<img decoding=\"async\" width=\"1280\" height=\"720\" src=\"https:\/\/bb-bled.si\/wp-content\/uploads\/2025\/11\/akcijska-ponudba-ski-passes.jpg\" class=\"attachment-full size-full wp-image-2137\" alt=\"\" srcset=\"https:\/\/bb-bled.si\/wp-content\/uploads\/2025\/11\/akcijska-ponudba-ski-passes.jpg 1280w, https:\/\/bb-bled.si\/wp-content\/uploads\/2025\/11\/akcijska-ponudba-ski-passes-300x169.jpg 300w, https:\/\/bb-bled.si\/wp-content\/uploads\/2025\/11\/akcijska-ponudba-ski-passes-1024x576.jpg 1024w, https:\/\/bb-bled.si\/wp-content\/uploads\/2025\/11\/akcijska-ponudba-ski-passes-768x432.jpg 768w, https:\/\/bb-bled.si\/wp-content\/uploads\/2025\/11\/akcijska-ponudba-ski-passes-18x10.jpg 18w\" sizes=\"(max-width: 1280px) 100vw, 1280px\" \/>\t\t\t\t\t\t\t\t<\/a>\n\t\t\t\t\t\t\t\t\t\t\t\t\t\t\t<\/div>\n\t\t\t\t<div class=\"elementor-element elementor-element-3dc0cd3 elementor-hidden-desktop elementor-hidden-tablet elementor-widget elementor-widget-image\" data-id=\"3dc0cd3\" data-element_type=\"widget\" data-e-type=\"widget\" data-widget_type=\"image.default\">\n\t\t\t\t\t\t\t\t\t\t\t\t\t\t\t<img loading=\"lazy\" decoding=\"async\" width=\"406\" height=\"1024\" src=\"https:\/\/bb-bled.si\/wp-content\/uploads\/2025\/11\/akcijska-ponudba-ski-passes-mobile-406x1024.jpg\" class=\"attachment-large size-large wp-image-2146\" alt=\"\" srcset=\"https:\/\/bb-bled.si\/wp-content\/uploads\/2025\/11\/akcijska-ponudba-ski-passes-mobile-406x1024.jpg 406w, https:\/\/bb-bled.si\/wp-content\/uploads\/2025\/11\/akcijska-ponudba-ski-passes-mobile-119x300.jpg 119w, https:\/\/bb-bled.si\/wp-content\/uploads\/2025\/11\/akcijska-ponudba-ski-passes-mobile-768x1938.jpg 768w, https:\/\/bb-bled.si\/wp-content\/uploads\/2025\/11\/akcijska-ponudba-ski-passes-mobile-609x1536.jpg 609w, https:\/\/bb-bled.si\/wp-content\/uploads\/2025\/11\/akcijska-ponudba-ski-passes-mobile-812x2048.jpg 812w, https:\/\/bb-bled.si\/wp-content\/uploads\/2025\/11\/akcijska-ponudba-ski-passes-mobile-5x12.jpg 5w, https:\/\/bb-bled.si\/wp-content\/uploads\/2025\/11\/akcijska-ponudba-ski-passes-mobile-scaled.jpg 1015w\" sizes=\"(max-width: 406px) 100vw, 406px\" \/>\t\t\t\t\t\t\t\t\t\t\t\t\t\t\t<\/div>\n\t\t\t\t\t<\/div>\n\t\t\t\t<\/div>\n\t\t\t\t<\/div>","protected":false},"excerpt":{"rendered":"<p>OBI\u0160\u010cITE NAS ZA 3 DNI ALI DLJE IN IZKORISTITE \u0160TEVILNE SEZONSKE UGODNOSTI. Trenutno \u017eal nimamo akcijskih ponudb, vabimo pa vas, da to stran ob\u010dasno ponovno obi\u0161\u010dete, saj bomo vse nove ponudbe zmeraj objavili tukaj. NAZAJ NA DOMA\u010cO STRAN<\/p>","protected":false},"author":1,"featured_media":0,"parent":0,"menu_order":0,"comment_status":"closed","ping_status":"closed","template":"","meta":{"iawp_total_views":89,"footnotes":""},"class_list":["post-1950","page","type-page","status-publish","hentry"],"yoast_head":"<!-- This site is optimized with the Yoast SEO plugin v27.4 - https:\/\/yoast.com\/product\/yoast-seo-wordpress\/ -->\n<title>Special Offers - BB Bled Deluxe Apartments<\/title>\n<meta name=\"robots\" content=\"index, follow, max-snippet:-1, max-image-preview:large, max-video-preview:-1\" \/>\n<link rel=\"canonical\" href=\"https:\/\/bb-bled.si\/de\/special-offers\/\" \/>\n<meta property=\"og:locale\" content=\"de_DE\" \/>\n<meta property=\"og:type\" content=\"article\" \/>\n<meta property=\"og:title\" content=\"Special Offers - BB Bled Deluxe Apartments\" \/>\n<meta property=\"og:description\" content=\"OBI\u0160\u010cITE NAS ZA 3 DNI ALI DLJE IN IZKORISTITE \u0160TEVILNE SEZONSKE UGODNOSTI. Trenutno \u017eal nimamo akcijskih ponudb, vabimo pa vas, da to stran ob\u010dasno ponovno obi\u0161\u010dete, saj bomo vse nove ponudbe zmeraj objavili tukaj. NAZAJ NA DOMA\u010cO STRAN\" \/>\n<meta property=\"og:url\" content=\"https:\/\/bb-bled.si\/de\/special-offers\/\" \/>\n<meta property=\"og:site_name\" content=\"BB Bled Deluxe Apartments\" \/>\n<meta property=\"article:modified_time\" content=\"2026-04-22T22:57:26+00:00\" \/>\n<meta property=\"og:image\" content=\"https:\/\/bb-bled.si\/wp-content\/uploads\/2025\/11\/akcijska-ponudba-cross-country-skiing.jpg\" \/>\n\t<meta property=\"og:image:width\" content=\"1280\" \/>\n\t<meta property=\"og:image:height\" content=\"720\" \/>\n\t<meta property=\"og:image:type\" content=\"image\/jpeg\" \/>\n<meta name=\"twitter:card\" content=\"summary_large_image\" \/>\n<meta name=\"twitter:label1\" content=\"Gesch\u00e4tzte Lesezeit\" \/>\n\t<meta name=\"twitter:data1\" content=\"1\u00a0Minute\" \/>\n<script type=\"application\/ld+json\" class=\"yoast-schema-graph\">{\"@context\":\"https:\\\/\\\/schema.org\",\"@graph\":[{\"@type\":\"WebPage\",\"@id\":\"https:\\\/\\\/bb-bled.si\\\/special-offers\\\/\",\"url\":\"https:\\\/\\\/bb-bled.si\\\/special-offers\\\/\",\"name\":\"Special Offers - BB Bled Deluxe Apartments\",\"isPartOf\":{\"@id\":\"https:\\\/\\\/bb-bled.si\\\/#website\"},\"primaryImageOfPage\":{\"@id\":\"https:\\\/\\\/bb-bled.si\\\/special-offers\\\/#primaryimage\"},\"image\":{\"@id\":\"https:\\\/\\\/bb-bled.si\\\/special-offers\\\/#primaryimage\"},\"thumbnailUrl\":\"https:\\\/\\\/bb-bled.si\\\/wp-content\\\/uploads\\\/2025\\\/11\\\/akcijska-ponudba-cross-country-skiing.jpg\",\"datePublished\":\"2025-10-29T23:12:24+00:00\",\"dateModified\":\"2026-04-22T22:57:26+00:00\",\"breadcrumb\":{\"@id\":\"https:\\\/\\\/bb-bled.si\\\/special-offers\\\/#breadcrumb\"},\"inLanguage\":\"de\",\"potentialAction\":[{\"@type\":\"ReadAction\",\"target\":[\"https:\\\/\\\/bb-bled.si\\\/special-offers\\\/\"]}]},{\"@type\":\"ImageObject\",\"inLanguage\":\"de\",\"@id\":\"https:\\\/\\\/bb-bled.si\\\/special-offers\\\/#primaryimage\",\"url\":\"https:\\\/\\\/bb-bled.si\\\/wp-content\\\/uploads\\\/2025\\\/11\\\/akcijska-ponudba-cross-country-skiing.jpg\",\"contentUrl\":\"https:\\\/\\\/bb-bled.si\\\/wp-content\\\/uploads\\\/2025\\\/11\\\/akcijska-ponudba-cross-country-skiing.jpg\"},{\"@type\":\"BreadcrumbList\",\"@id\":\"https:\\\/\\\/bb-bled.si\\\/special-offers\\\/#breadcrumb\",\"itemListElement\":[{\"@type\":\"ListItem\",\"position\":1,\"name\":\"Home\",\"item\":\"https:\\\/\\\/bb-bled.si\\\/\"},{\"@type\":\"ListItem\",\"position\":2,\"name\":\"Special Offers\"}]},{\"@type\":\"WebSite\",\"@id\":\"https:\\\/\\\/bb-bled.si\\\/#website\",\"url\":\"https:\\\/\\\/bb-bled.si\\\/\",\"name\":\"BB Bled Deluxe Apartments\",\"description\":\"Do\u017eivite nepozaben oddih na Bledu\",\"potentialAction\":[{\"@type\":\"SearchAction\",\"target\":{\"@type\":\"EntryPoint\",\"urlTemplate\":\"https:\\\/\\\/bb-bled.si\\\/?s={search_term_string}\"},\"query-input\":{\"@type\":\"PropertyValueSpecification\",\"valueRequired\":true,\"valueName\":\"search_term_string\"}}],\"inLanguage\":\"de\"}]}<\/script>\n<!-- \/ Yoast SEO plugin. -->","yoast_head_json":{"title":"Special Offers - BB Bled Deluxe Apartments","robots":{"index":"index","follow":"follow","max-snippet":"max-snippet:-1","max-image-preview":"max-image-preview:large","max-video-preview":"max-video-preview:-1"},"canonical":"https:\/\/bb-bled.si\/de\/special-offers\/","og_locale":"de_DE","og_type":"article","og_title":"Special Offers - BB Bled Deluxe Apartments","og_description":"OBI\u0160\u010cITE NAS ZA 3 DNI ALI DLJE IN IZKORISTITE \u0160TEVILNE SEZONSKE UGODNOSTI. Trenutno \u017eal nimamo akcijskih ponudb, vabimo pa vas, da to stran ob\u010dasno ponovno obi\u0161\u010dete, saj bomo vse nove ponudbe zmeraj objavili tukaj. NAZAJ NA DOMA\u010cO STRAN","og_url":"https:\/\/bb-bled.si\/de\/special-offers\/","og_site_name":"BB Bled Deluxe Apartments","article_modified_time":"2026-04-22T22:57:26+00:00","og_image":[{"width":1280,"height":720,"url":"https:\/\/bb-bled.si\/wp-content\/uploads\/2025\/11\/akcijska-ponudba-cross-country-skiing.jpg","type":"image\/jpeg"}],"twitter_card":"summary_large_image","twitter_misc":{"Gesch\u00e4tzte Lesezeit":"1\u00a0Minute"},"schema":{"@context":"https:\/\/schema.org","@graph":[{"@type":"WebPage","@id":"https:\/\/bb-bled.si\/special-offers\/","url":"https:\/\/bb-bled.si\/special-offers\/","name":"Special Offers - BB Bled Deluxe Apartments","isPartOf":{"@id":"https:\/\/bb-bled.si\/#website"},"primaryImageOfPage":{"@id":"https:\/\/bb-bled.si\/special-offers\/#primaryimage"},"image":{"@id":"https:\/\/bb-bled.si\/special-offers\/#primaryimage"},"thumbnailUrl":"https:\/\/bb-bled.si\/wp-content\/uploads\/2025\/11\/akcijska-ponudba-cross-country-skiing.jpg","datePublished":"2025-10-29T23:12:24+00:00","dateModified":"2026-04-22T22:57:26+00:00","breadcrumb":{"@id":"https:\/\/bb-bled.si\/special-offers\/#breadcrumb"},"inLanguage":"de","potentialAction":[{"@type":"ReadAction","target":["https:\/\/bb-bled.si\/special-offers\/"]}]},{"@type":"ImageObject","inLanguage":"de","@id":"https:\/\/bb-bled.si\/special-offers\/#primaryimage","url":"https:\/\/bb-bled.si\/wp-content\/uploads\/2025\/11\/akcijska-ponudba-cross-country-skiing.jpg","contentUrl":"https:\/\/bb-bled.si\/wp-content\/uploads\/2025\/11\/akcijska-ponudba-cross-country-skiing.jpg"},{"@type":"BreadcrumbList","@id":"https:\/\/bb-bled.si\/special-offers\/#breadcrumb","itemListElement":[{"@type":"ListItem","position":1,"name":"Home","item":"https:\/\/bb-bled.si\/"},{"@type":"ListItem","position":2,"name":"Special Offers"}]},{"@type":"WebSite","@id":"https:\/\/bb-bled.si\/#website","url":"https:\/\/bb-bled.si\/","name":"BB Bled Deluxe Apartments","description":"Do\u017eivite nepozaben oddih na Bledu","potentialAction":[{"@type":"SearchAction","target":{"@type":"EntryPoint","urlTemplate":"https:\/\/bb-bled.si\/?s={search_term_string}"},"query-input":{"@type":"PropertyValueSpecification","valueRequired":true,"valueName":"search_term_string"}}],"inLanguage":"de"}]}},"_links":{"self":[{"href":"https:\/\/bb-bled.si\/de\/wp-json\/wp\/v2\/pages\/1950","targetHints":{"allow":["GET"]}}],"collection":[{"href":"https:\/\/bb-bled.si\/de\/wp-json\/wp\/v2\/pages"}],"about":[{"href":"https:\/\/bb-bled.si\/de\/wp-json\/wp\/v2\/types\/page"}],"author":[{"embeddable":true,"href":"https:\/\/bb-bled.si\/de\/wp-json\/wp\/v2\/users\/1"}],"replies":[{"embeddable":true,"href":"https:\/\/bb-bled.si\/de\/wp-json\/wp\/v2\/comments?post=1950"}],"version-history":[{"count":52,"href":"https:\/\/bb-bled.si\/de\/wp-json\/wp\/v2\/pages\/1950\/revisions"}],"predecessor-version":[{"id":2200,"href":"https:\/\/bb-bled.si\/de\/wp-json\/wp\/v2\/pages\/1950\/revisions\/2200"}],"wp:attachment":[{"href":"https:\/\/bb-bled.si\/de\/wp-json\/wp\/v2\/media?parent=1950"}],"curies":[{"name":"wp","href":"https:\/\/api.w.org\/{rel}","templated":true}]}}